{"id":219,"date":"2023-06-24T09:46:36","date_gmt":"2023-06-24T07:46:36","guid":{"rendered":"http:\/\/la-naturelle.com\/?page_id=219"},"modified":"2024-08-03T20:59:08","modified_gmt":"2024-08-03T18:59:08","slug":"les-determinants-clefs","status":"publish","type":"page","link":"https:\/\/la-naturelle.com\/index.php\/les-determinants-clefs\/","title":{"rendered":"Les d\u00e9terminants clefs"},"content":{"rendered":"<style>\/*! elementor - v3.14.0 - 18-06-2023 *\/\n.elementor-widget-divider{--divider-border-style:none;--divider-border-width:1px;--divider-color:#0c0d0e;--divider-icon-size:20px;--divider-element-spacing:10px;--divider-pattern-height:24px;--divider-pattern-size:20px;--divider-pattern-url:none;--divider-pattern-repeat:repeat-x}.elementor-widget-divider .elementor-divider{display:flex}.elementor-widget-divider .elementor-divider__text{font-size:15px;line-height:1;max-width:95%}.elementor-widget-divider .elementor-divider__element{margin:0 var(--divider-element-spacing);flex-shrink:0}.elementor-widget-divider .elementor-icon{font-size:var(--divider-icon-size)}.elementor-widget-divider .elementor-divider-separator{display:flex;margin:0;direction:ltr}.elementor-widget-divider--view-line_icon .elementor-divider-separator,.elementor-widget-divider--view-line_text .elementor-divider-separator{align-items:center}.elementor-widget-divider--view-line_icon .elementor-divider-separator:after,.elementor-widget-divider--view-line_icon .elementor-divider-separator:before,.elementor-widget-divider--view-line_text .elementor-divider-separator:after,.elementor-widget-divider--view-line_text .elementor-divider-separator:before{display:block;content:\"\";border-bottom:0;flex-grow:1;border-top:var(--divider-border-width) var(--divider-border-style) var(--divider-color)}.elementor-widget-divider--element-align-left .elementor-divider .elementor-divider-separator>.elementor-divider__svg:first-of-type{flex-grow:0;flex-shrink:100}.elementor-widget-divider--element-align-left .elementor-divider-separator:before{content:none}.elementor-widget-divider--element-align-left .elementor-divider__element{margin-left:0}.elementor-widget-divider--element-align-right .elementor-divider .elementor-divider-separator>.elementor-divider__svg:last-of-type{flex-grow:0;flex-shrink:100}.elementor-widget-divider--element-align-right .elementor-divider-separator:after{content:none}.elementor-widget-divider--element-align-right .elementor-divider__element{margin-right:0}.elementor-widget-divider:not(.elementor-widget-divider--view-line_text):not(.elementor-widget-divider--view-line_icon) .elementor-divider-separator{border-top:var(--divider-border-width) var(--divider-border-style) var(--divider-color)}.elementor-widget-divider--separator-type-pattern{--divider-border-style:none}.elementor-widget-divider--separator-type-pattern.elementor-widget-divider--view-line .elementor-divider-separator,.elementor-widget-divider--separator-type-pattern:not(.elementor-widget-divider--view-line) .elementor-divider-separator:after,.elementor-widget-divider--separator-type-pattern:not(.elementor-widget-divider--view-line) .elementor-divider-separator:before,.elementor-widget-divider--separator-type-pattern:not([class*=elementor-widget-divider--view]) .elementor-divider-separator{width:100%;min-height:var(--divider-pattern-height);-webkit-mask-size:var(--divider-pattern-size) 100%;mask-size:var(--divider-pattern-size) 100%;-webkit-mask-repeat:var(--divider-pattern-repeat);mask-repeat:var(--divider-pattern-repeat);background-color:var(--divider-color);-webkit-mask-image:var(--divider-pattern-url);mask-image:var(--divider-pattern-url)}.elementor-widget-divider--no-spacing{--divider-pattern-size:auto}.elementor-widget-divider--bg-round{--divider-pattern-repeat:round}.rtl .elementor-widget-divider .elementor-divider__text{direction:rtl}.e-con-inner>.elementor-widget-divider,.e-con>.elementor-widget-divider{width:var(--container-widget-width,100%);--flex-grow:var(--container-widget-flex-grow)}<\/style>\n<h5>R\u00e9invitons le bon sens dans notre vie et r\u00e9ajustons les fondements de base d&#8217;une hygi\u00e8ne de vie saine.<\/h5>\n<style>\/*! elementor - v3.14.0 - 18-06-2023 *\/\n.elementor-widget-image{text-align:center}.elementor-widget-image a{display:inline-block}.elementor-widget-image a img[src$=\".svg\"]{width:48px}.elementor-widget-image img{vertical-align:middle;display:inline-block}<\/style>\n<p>\t\t\t\t\t\t\t\t\t\t\t\t<img decoding=\"async\" width=\"1024\" height=\"604\" src=\"http:\/\/la-naturelle.com\/wp-content\/uploads\/2023\/06\/apple-2788662_1280-1024x604.jpg\" alt=\"\" loading=\"lazy\" srcset=\"https:\/\/la-naturelle.com\/wp-content\/uploads\/2023\/06\/apple-2788662_1280-1024x604.jpg 1024w, https:\/\/la-naturelle.com\/wp-content\/uploads\/2023\/06\/apple-2788662_1280-300x177.jpg 300w, https:\/\/la-naturelle.com\/wp-content\/uploads\/2023\/06\/apple-2788662_1280-768x453.jpg 768w, https:\/\/la-naturelle.com\/wp-content\/uploads\/2023\/06\/apple-2788662_1280.jpg 1280w\" sizes=\"auto, (max-width: 1024px) 100vw, 1024px\" \/><br \/>\n\t\t\t\t\t\t\t\t\t\t\t\t\t\t\t<img decoding=\"async\" width=\"1024\" height=\"683\" src=\"http:\/\/la-naturelle.com\/wp-content\/uploads\/2023\/06\/horses-430441-1024x683.jpeg\" alt=\"\" loading=\"lazy\" srcset=\"https:\/\/la-naturelle.com\/wp-content\/uploads\/2023\/06\/horses-430441-1024x683.jpeg 1024w, https:\/\/la-naturelle.com\/wp-content\/uploads\/2023\/06\/horses-430441-300x200.jpeg 300w, https:\/\/la-naturelle.com\/wp-content\/uploads\/2023\/06\/horses-430441-768x512.jpeg 768w, https:\/\/la-naturelle.com\/wp-content\/uploads\/2023\/06\/horses-430441-1536x1024.jpeg 1536w, https:\/\/la-naturelle.com\/wp-content\/uploads\/2023\/06\/horses-430441-2048x1365.jpeg 2048w\" sizes=\"auto, (max-width: 1024px) 100vw, 1024px\" \/><br \/>\n\t\t\t\t\t\t\t\t\t\t\t\t\t\t\t<img decoding=\"async\" width=\"1024\" height=\"683\" src=\"http:\/\/la-naturelle.com\/wp-content\/uploads\/2023\/06\/crocuses-7837426-1024x683.jpg\" alt=\"\" loading=\"lazy\" srcset=\"https:\/\/la-naturelle.com\/wp-content\/uploads\/2023\/06\/crocuses-7837426-1024x683.jpg 1024w, https:\/\/la-naturelle.com\/wp-content\/uploads\/2023\/06\/crocuses-7837426-300x200.jpg 300w, https:\/\/la-naturelle.com\/wp-content\/uploads\/2023\/06\/crocuses-7837426-768x512.jpg 768w, https:\/\/la-naturelle.com\/wp-content\/uploads\/2023\/06\/crocuses-7837426-1536x1024.jpg 1536w\" sizes=\"auto, (max-width: 1024px) 100vw, 1024px\" \/><br \/>\n\t\t\t\t\t\t\t\t\t\t\t\t\t\t\t<img decoding=\"async\" width=\"1024\" height=\"683\" src=\"http:\/\/la-naturelle.com\/wp-content\/uploads\/2023\/06\/mother-1077334-1024x683.jpeg\" alt=\"\" loading=\"lazy\" srcset=\"https:\/\/la-naturelle.com\/wp-content\/uploads\/2023\/06\/mother-1077334-1024x683.jpeg 1024w, https:\/\/la-naturelle.com\/wp-content\/uploads\/2023\/06\/mother-1077334-300x200.jpeg 300w, https:\/\/la-naturelle.com\/wp-content\/uploads\/2023\/06\/mother-1077334-768x513.jpeg 768w\" sizes=\"auto, (max-width: 1024px) 100vw, 1024px\" \/><br \/>\n\t\t\t\t\t\t\t\t\t\t\t\t\t\t\t<img decoding=\"async\" src=\"http:\/\/la-naturelle.com\/wp-content\/uploads\/2023\/06\/sheets-1105252.jpeg\" alt=\"\" loading=\"lazy\" \/>\t\t\t\t\t\t\t\t\t\t\t\t\t\t\t<\/p>\n<style>\/*! elementor - v3.14.0 - 18-06-2023 *\/\n.elementor-heading-title{padding:0;margin:0;line-height:1}.elementor-widget-heading .elementor-heading-title[class*=elementor-size-]>a{color:inherit;font-size:inherit;line-height:inherit}.elementor-widget-heading .elementor-heading-title.elementor-size-small{font-size:15px}.elementor-widget-heading .elementor-heading-title.elementor-size-medium{font-size:19px}.elementor-widget-heading .elementor-heading-title.elementor-size-large{font-size:29px}.elementor-widget-heading .elementor-heading-title.elementor-size-xl{font-size:39px}.elementor-widget-heading .elementor-heading-title.elementor-size-xxl{font-size:59px}<\/style>\n<h2>CORPS<\/h2>\n<h2>MOUVEMENT<\/h2>\n<h2>ESPRIT<\/h2>\n<h2>RELATION<\/h2>\n<h2>NATURE<\/h2>\n<p><b>A l&#8217;\u00e9coute du corps<\/b><\/p>\n<p>Se remettre en mouvement<\/p>\n<h5>Observer notre esprit<\/h5>\n<h5>A l&#8217;\u00e9coute de l&#8217;autre<\/h5>\n<p>En lien avec la Nature<\/p>\n<p>Offrir \u00e0 son corps tout ce dont il a besoin, afin qu&#8217;il retrouve son intelligence naturelle.\u00a0<\/p>\n<p>Se remettre en mouvement. Prendre conscience que notre corps est fait pour se mouvoir.<\/p>\n<p>Se conna\u00eetre soi-m\u00eame afin de lib\u00e9rer naturellement l&#8217;esprit de ses pr\u00e9occupations pour se recentrer sur ce qui est essentiel<\/p>\n<p>Transformer notre relation \u00e0 l&#8217;autre, miroir de nous-m\u00eame. Notre part d&#8217;ombre se r\u00e9v\u00e8le dans notre relation avec l&#8217;autre.<\/p>\n<p>Se r\u00e9g\u00e9n\u00e9rer au contact de la Nature, source in\u00e9puisable d&#8217;\u00e9merveillement.<\/p>\n","protected":false},"excerpt":{"rendered":"<p>R\u00e9invitons le bon sens dans notre vie et r\u00e9ajustons les fondements de base d&#8217;une hygi\u00e8ne de vie saine. CORPS MOUVEMENT ESPRIT RELATION NATURE A l&#8217;\u00e9coute du corps Se remettre en mouvement Observer notre esprit A l&#8217;\u00e9coute de l&#8217;autre En lien avec la Nature Offrir \u00e0 son corps tout ce dont il a besoin, afin qu&#8217;il retrouve son intelligence naturelle.\u00a0 Se remettre en mouvement. Prendre conscience que notre corps est fait pour se mouvoir. Se conna\u00eetre soi-m\u00eame afin de lib\u00e9rer naturellement l&#8217;esprit de ses pr\u00e9occupations pour se recentrer sur ce qui est essentiel Transformer notre relation \u00e0 l&#8217;autre, miroir de nous-m\u00eame.\u2026<\/p>\n","protected":false},"author":1,"featured_media":0,"parent":0,"menu_order":0,"comment_status":"closed","ping_status":"closed","template":"","meta":{"footnotes":""},"class_list":["post-219","page","type-page","status-publish","hentry"],"blocksy_meta":"","_links":{"self":[{"href":"https:\/\/la-naturelle.com\/index.php\/wp-json\/wp\/v2\/pages\/219","targetHints":{"allow":["GET"]}}],"collection":[{"href":"https:\/\/la-naturelle.com\/index.php\/wp-json\/wp\/v2\/pages"}],"about":[{"href":"https:\/\/la-naturelle.com\/index.php\/wp-json\/wp\/v2\/types\/page"}],"author":[{"embeddable":true,"href":"https:\/\/la-naturelle.com\/index.php\/wp-json\/wp\/v2\/users\/1"}],"replies":[{"embeddable":true,"href":"https:\/\/la-naturelle.com\/index.php\/wp-json\/wp\/v2\/comments?post=219"}],"version-history":[{"count":51,"href":"https:\/\/la-naturelle.com\/index.php\/wp-json\/wp\/v2\/pages\/219\/revisions"}],"predecessor-version":[{"id":1654,"href":"https:\/\/la-naturelle.com\/index.php\/wp-json\/wp\/v2\/pages\/219\/revisions\/1654"}],"wp:attachment":[{"href":"https:\/\/la-naturelle.com\/index.php\/wp-json\/wp\/v2\/media?parent=219"}],"curies":[{"name":"wp","href":"https:\/\/api.w.org\/{rel}","templated":true}]}}